{"id":32,"date":"2025-03-21T23:09:30","date_gmt":"2025-03-21T20:09:30","guid":{"rendered":"https:\/\/www.kadioglumobilya.com.tr\/?page_id=32"},"modified":"2025-03-28T18:24:40","modified_gmt":"2025-03-28T15:24:40","slug":"hakkimizda","status":"publish","type":"page","link":"https:\/\/www.kadioglumobilya.com.tr\/?page_id=32","title":{"rendered":"Hakk\u0131m\u0131zda"},"content":{"rendered":"\n<p>1982 y\u0131l\u0131nda aile \u015firketi olarak kurulan firmam\u0131z geleneksel bak\u0131\u015f a\u00e7\u0131s\u0131 ve tecr\u00fcbelerini yenilik\u00e7i fikir ve ara\u00e7larla sentezleyerek yoluna devam etmektedir.<\/p>\n\n\n\n<p>Mekana \u00f6zel olarak tasarlanan mobilyalar\u0131n\u0131z i\u015flevsel ki\u015fisel kullan\u0131mla bir araya getirilerek mekanlar\u0131n\u0131za uygulanmaktad\u0131r.<\/p>\n\n\n\n<p>G\u00fc\u00e7l\u00fc ve uzman usta ekibimiz projelerinizi kusursuz ve sorunsuz bir \u015fekilde \u00f6zenle \u00fcreterek ve naklederek mekanlar\u0131n\u0131za uygular. Ayn\u0131 \u015fekilde sa\u011flam ve yeni makine park\u0131m\u0131zla i\u015fleriniz sorunsuz ve temiz bir \u015fekilde sizlere ula\u015f\u0131r.<\/p>\n\n\n\n<p>\u00dcretimde kulland\u0131\u011f\u0131m\u0131z panel, aksesuar, ah\u015fapmarkalar\u0131 d\u00fcnya standard\u0131nda uzun y\u0131llar sorunsuzca kullanaca\u011f\u0131n\u0131z markalard\u0131r.<\/p>\n\n\n\n<p>Kad\u0131o\u011flu Mobilya bu malzemeleri uzman kadro ve makine park\u0131 ile i\u015fleyerek m\u00fc\u015fteri memnuniyetini \u00f6n planda tutarak \u00fcretim yapmaktad\u0131r.<\/p>\n\n\n\n<p><\/p>\n","protected":false},"excerpt":{"rendered":"<p>1982 y\u0131l\u0131nda aile \u015firketi olarak kurulan firmam\u0131z geleneksel bak\u0131\u015f a\u00e7\u0131s\u0131 ve tecr\u00fcbelerini yenilik\u00e7i fikir ve ara\u00e7larla sentezleyerek yoluna devam etmektedir. Mekana \u00f6zel olarak tasarlanan mobilyalar\u0131n\u0131z i\u015flevsel ki\u015fisel kullan\u0131mla bir araya getirilerek mekanlar\u0131n\u0131za uygulanmaktad\u0131r. G\u00fc\u00e7l\u00fc ve uzman usta ekibimiz projelerinizi kusursuz ve sorunsuz bir \u015fekilde \u00f6zenle \u00fcreterek ve naklederek mekanlar\u0131n\u0131za uygular. Ayn\u0131 \u015fekilde sa\u011flam ve yeni [&hellip;]<\/p>\n","protected":false},"author":1,"featured_media":66,"parent":0,"menu_order":0,"comment_status":"closed","ping_status":"closed","template":"full-width","meta":{"saved_in_kubio":true,"footnotes":""},"class_list":["post-32","page","type-page","status-publish","has-post-thumbnail","hentry"],"kubio_ai_page_context":{"short_desc":"","purpose":"general"},"_links":{"self":[{"href":"https:\/\/www.kadioglumobilya.com.tr\/index.php?rest_route=\/wp\/v2\/pages\/32","targetHints":{"allow":["GET"]}}],"collection":[{"href":"https:\/\/www.kadioglumobilya.com.tr\/index.php?rest_route=\/wp\/v2\/pages"}],"about":[{"href":"https:\/\/www.kadioglumobilya.com.tr\/index.php?rest_route=\/wp\/v2\/types\/page"}],"author":[{"embeddable":true,"href":"https:\/\/www.kadioglumobilya.com.tr\/index.php?rest_route=\/wp\/v2\/users\/1"}],"replies":[{"embeddable":true,"href":"https:\/\/www.kadioglumobilya.com.tr\/index.php?rest_route=%2Fwp%2Fv2%2Fcomments&post=32"}],"version-history":[{"count":1,"href":"https:\/\/www.kadioglumobilya.com.tr\/index.php?rest_route=\/wp\/v2\/pages\/32\/revisions"}],"predecessor-version":[{"id":127,"href":"https:\/\/www.kadioglumobilya.com.tr\/index.php?rest_route=\/wp\/v2\/pages\/32\/revisions\/127"}],"wp:featuredmedia":[{"embeddable":true,"href":"https:\/\/www.kadioglumobilya.com.tr\/index.php?rest_route=\/wp\/v2\/media\/66"}],"wp:attachment":[{"href":"https:\/\/www.kadioglumobilya.com.tr\/index.php?rest_route=%2Fwp%2Fv2%2Fmedia&parent=32"}],"curies":[{"name":"wp","href":"https:\/\/api.w.org\/{rel}","templated":true}]}}